{"id":4932,"date":"2016-04-19T15:43:56","date_gmt":"2016-04-19T15:43:56","guid":{"rendered":"http:\/\/www.lindoverde.pt\/site\/?page_id=4932"},"modified":"2021-03-12T14:37:50","modified_gmt":"2021-03-12T14:37:50","slug":"sobre-nos","status":"publish","type":"page","link":"https:\/\/lindoverde.pt\/site\/sobre-nos\/","title":{"rendered":"Sobre N\u00f3s"},"content":{"rendered":"<p>Existimos para poder proporcionar uma estadia de excel\u00eancia numa das regi\u00f5es mais \u00a0bonitas de Portugal \u2013 o Ger\u00eas.<\/p>\n<p>Estamos localizados num local de excel\u00eancia, onde poder\u00e1 disfrutar ao m\u00e1ximo da sua estadia nesta bonita regi\u00e3o.<\/p>\n<p>Dispomos de um alojamento de qualidade, com quartos com \u00f3ptimas vistas e confort\u00e1veis, onde \u00a0poder\u00e1 organizar f\u00e9rias, fins de semana, passagens de ano, festejos particulares e outros que deseje.<\/p>\n<p>Anossa casa tem para para seu conforto 12 quartos de excelente\u00a0qualidade, com vistas fant\u00e1sticas sobre a albufeira do ger\u00eas.<\/p>\n<p>Estamos localizados na encosta que d\u00e1 para as duas pontes, um importante ponto turistico desta regi\u00e3o. Trata-se de uma zona previligiada, rodeada de vegeta\u00e7\u00e3o.<\/p>\n<p>Todos os quartos possuem casa de banho privativa, televis\u00e3o e servi\u00e7o de limpeza. \u00c9 possivel o acesso \u00e0 cozinha completamente equipada. Existe tamb\u00e9m uma lareira com lenha dispon\u00edvel para usar.<\/p>\n<p>Privilegiamos a qualidade de atendimento, limpeza e o bem estar dos nossos visitantes.<br \/>\nComo pode verificar pelas bonitas paisagens que a vista dos quartos proporciona a nossa casa est\u00e1 situada num excelente local e temos a certeza que lhe vai proporcionar uma estadia de excelente qualidade.<\/p>\n<p>A seguir apresentamos algumas imagens da casa e da paisagem que se pode observar a partir da casa. Clique em cima das imagens para obter uma imagem com mais detalhe.<\/p>\n<h4>Existimos para bem servir e a nossa experi\u00eancia de longos anos ajuda-nos a cumprir essa tarefa. Entre em contacto connosco para saber mais.<\/h4>\n<h4><span style=\"color: #99cc00;\">A nossa preocupa\u00e7\u00e3o \u00e9 proporcionar constantemente as melhores condi\u00e7\u00f5es \u00e0 sua estadia. Inauguramos em Maio de 2007 a piscina, onde poder\u00e1 desfrutar de momentos agrad\u00e1veis de descanso, com a vista do Ger\u00eas como paisagem de fundo.<\/span><\/h4>\n","protected":false},"excerpt":{"rendered":"<p>Existimos para poder proporcionar uma estadia de excel\u00eancia numa das regi\u00f5es mais \u00a0bonitas de Portugal \u2013 o Ger\u00eas. Estamos localizados num local de excel\u00eancia, onde poder\u00e1 disfrutar ao m\u00e1ximo da sua estadia nesta bonita regi\u00e3o. Dispomos de um alojamento de qualidade, com quartos com \u00f3ptimas vistas e confort\u00e1veis, onde \u00a0poder\u00e1 organizar f\u00e9rias, fins de semana, [&hellip;]<\/p>\n","protected":false},"author":1,"featured_media":0,"parent":0,"menu_order":0,"comment_status":"closed","ping_status":"closed","template":"page-fullwidth.php","meta":{"footnotes":""},"class_list":["post-4932","page","type-page","status-publish","hentry"],"_links":{"self":[{"href":"https:\/\/lindoverde.pt\/site\/wp-json\/wp\/v2\/pages\/4932","targetHints":{"allow":["GET"]}}],"collection":[{"href":"https:\/\/lindoverde.pt\/site\/wp-json\/wp\/v2\/pages"}],"about":[{"href":"https:\/\/lindoverde.pt\/site\/wp-json\/wp\/v2\/types\/page"}],"author":[{"embeddable":true,"href":"https:\/\/lindoverde.pt\/site\/wp-json\/wp\/v2\/users\/1"}],"replies":[{"embeddable":true,"href":"https:\/\/lindoverde.pt\/site\/wp-json\/wp\/v2\/comments?post=4932"}],"version-history":[{"count":4,"href":"https:\/\/lindoverde.pt\/site\/wp-json\/wp\/v2\/pages\/4932\/revisions"}],"predecessor-version":[{"id":5032,"href":"https:\/\/lindoverde.pt\/site\/wp-json\/wp\/v2\/pages\/4932\/revisions\/5032"}],"wp:attachment":[{"href":"https:\/\/lindoverde.pt\/site\/wp-json\/wp\/v2\/media?parent=4932"}],"curies":[{"name":"wp","href":"https:\/\/api.w.org\/{rel}","templated":true}]}}