{"id":4966,"date":"2016-04-19T15:50:25","date_gmt":"2016-04-19T15:50:25","guid":{"rendered":"http:\/\/www.lindoverde.pt\/site\/?page_id=4966"},"modified":"2016-04-19T15:51:43","modified_gmt":"2016-04-19T15:51:43","slug":"condicoes-de-reservas","status":"publish","type":"page","link":"https:\/\/lindoverde.pt\/site\/condicoes-de-reservas\/","title":{"rendered":"Condi\u00e7\u00f5es de Reservas"},"content":{"rendered":"<ul class=\"sc-list style4\">\n<li>Reserva m\u00ednima de 2 noites.<\/li>\n<li>Dever\u00e1 sinalizar a reserva no valor de 50% do valor total da sua estadia.<\/li>\n<li>A transfer\u00eancia Banc\u00e1ria dever\u00e1 ser feita para o seguinte <strong>nib:<\/strong><br \/>\n<strong>0045 1295 4022 97602043 6<\/strong><\/li>\n<li>A entrada pode ser feita a partir das 14.30h<\/li>\n<li>A sa\u00edda \u00e9 at\u00e9 \u00e0s 11.30h do \u00faltimo dia da reserva.<\/li>\n<\/ul>\n<h1><\/h1>\n<h1>Extras<\/h1>\n<ul class=\"sc-list style4\">\n<li>10\u20ac por pessoa extra.<\/li>\n<li>10\u20ac por cama de crian\u00e7a.<\/li>\n<li>15\u20ac pelo aluguer da cozinha por casal.<\/li>\n<\/ul>\n","protected":false},"excerpt":{"rendered":"<p>Reserva m\u00ednima de 2 noites. Dever\u00e1 sinalizar a reserva no valor de 50% do valor total da sua estadia. A transfer\u00eancia Banc\u00e1ria dever\u00e1 ser feita para o seguinte nib: 0045 1295 4022 97602043 6 A entrada pode ser feita a partir das 14.30h A sa\u00edda \u00e9 at\u00e9 \u00e0s 11.30h do \u00faltimo dia da reserva. Extras [&hellip;]<\/p>\n","protected":false},"author":1,"featured_media":0,"parent":0,"menu_order":0,"comment_status":"closed","ping_status":"closed","template":"page-fullwidth.php","meta":{"footnotes":""},"class_list":["post-4966","page","type-page","status-publish","hentry"],"_links":{"self":[{"href":"https:\/\/lindoverde.pt\/site\/wp-json\/wp\/v2\/pages\/4966","targetHints":{"allow":["GET"]}}],"collection":[{"href":"https:\/\/lindoverde.pt\/site\/wp-json\/wp\/v2\/pages"}],"about":[{"href":"https:\/\/lindoverde.pt\/site\/wp-json\/wp\/v2\/types\/page"}],"author":[{"embeddable":true,"href":"https:\/\/lindoverde.pt\/site\/wp-json\/wp\/v2\/users\/1"}],"replies":[{"embeddable":true,"href":"https:\/\/lindoverde.pt\/site\/wp-json\/wp\/v2\/comments?post=4966"}],"version-history":[{"count":3,"href":"https:\/\/lindoverde.pt\/site\/wp-json\/wp\/v2\/pages\/4966\/revisions"}],"predecessor-version":[{"id":4969,"href":"https:\/\/lindoverde.pt\/site\/wp-json\/wp\/v2\/pages\/4966\/revisions\/4969"}],"wp:attachment":[{"href":"https:\/\/lindoverde.pt\/site\/wp-json\/wp\/v2\/media?parent=4966"}],"curies":[{"name":"wp","href":"https:\/\/api.w.org\/{rel}","templated":true}]}}